{"id":6024,"date":"2022-06-20T10:45:26","date_gmt":"2022-06-20T15:45:26","guid":{"rendered":"http:\/\/worldofinsurancemedford.three.zysites.com\/about-us\/"},"modified":"2023-10-10T11:55:20","modified_gmt":"2023-10-10T16:55:20","slug":"about-us","status":"publish","type":"page","link":"https:\/\/www.worldofinsurancemedford.com\/es\/about-us\/","title":{"rendered":"Acerca de nosotros"},"content":{"rendered":"<p>Nuestra agencia de seguros se enorgullece de servir a Medford y las comunidades circundantes de Oreg\u00f3n protegiendo a las personas con las que trabajamos tal como protegemos a nuestros propios familiares. Si no est\u00e1 satisfecho con su seguro actual, cont\u00e1ctenos hoy.<\/p>\n","protected":false},"excerpt":{"rendered":"<p>Nuestra agencia de seguros se enorgullece de servir a Medford y las comunidades circundantes de Oreg\u00f3n protegiendo a las personas con las que trabajamos tal como protegemos a nuestros propios familiares. Si no est\u00e1 satisfecho con su seguro actual, cont\u00e1ctenos hoy.<\/p>\n","protected":false},"author":35,"featured_media":0,"parent":0,"menu_order":0,"comment_status":"closed","ping_status":"closed","template":"","meta":{"_acf_changed":false,"_seopress_robots_primary_cat":null,"_seopress_titles_title":"","_seopress_titles_desc":"","_seopress_robots_index":"","_analytify_skip_tracking":false,"footnotes":""},"class_list":["post-6024","page","type-page","status-publish","hentry"],"acf":[],"_links":{"self":[{"href":"https:\/\/www.worldofinsurancemedford.com\/es\/wp-json\/wp\/v2\/pages\/6024","targetHints":{"allow":["GET"]}}],"collection":[{"href":"https:\/\/www.worldofinsurancemedford.com\/es\/wp-json\/wp\/v2\/pages"}],"about":[{"href":"https:\/\/www.worldofinsurancemedford.com\/es\/wp-json\/wp\/v2\/types\/page"}],"author":[{"embeddable":true,"href":"https:\/\/www.worldofinsurancemedford.com\/es\/wp-json\/wp\/v2\/users\/35"}],"replies":[{"embeddable":true,"href":"https:\/\/www.worldofinsurancemedford.com\/es\/wp-json\/wp\/v2\/comments?post=6024"}],"version-history":[{"count":0,"href":"https:\/\/www.worldofinsurancemedford.com\/es\/wp-json\/wp\/v2\/pages\/6024\/revisions"}],"wp:attachment":[{"href":"https:\/\/www.worldofinsurancemedford.com\/es\/wp-json\/wp\/v2\/media?parent=6024"}],"curies":[{"name":"wp","href":"https:\/\/api.w.org\/{rel}","templated":true}]}}